{"id":2349,"date":"2021-04-03T17:16:49","date_gmt":"2021-04-03T17:16:49","guid":{"rendered":"https:\/\/iesmig.com.br\/2020\/?post_type=product&#038;p=2349"},"modified":"2024-12-16T22:08:46","modified_gmt":"2024-12-16T22:08:46","slug":"docencia-do-ensino-superior","status":"publish","type":"product","link":"https:\/\/iesmig.com.br\/2020\/produto\/docencia-do-ensino-superior\/","title":{"rendered":"P\u00d3S-GRADUA\u00c7\u00c3O DOC\u00caNCIA DO ENSINO SUPERIOR"},"content":{"rendered":"<h2>OBJETIVO<\/h2>\n<p>Este Curso objetiva especializar profissionais docentes para atender n\u00e3o somente \u00e0s exig\u00eancias legais, mas tamb\u00e9m \u00e0 necessidade de reflex\u00e3o e qualifica\u00e7\u00e3o do profissional para atuar em institui\u00e7\u00f5es de Ensino Superior. Al\u00e9m disso, viabilizar\u00e1 capacitar e certificar os professores das Institui\u00e7\u00f5es de Ensino Superior e os demais profissionais que pretendem atuar na doc\u00eancia desse n\u00edvel de ensino<\/p>\n<h2>P\u00daBLICO-ALVO<\/h2>\n<p>Profissionais de qualquer \u00e1rea que desejam se qualificar para a Doc\u00eancia no \u00e2mbito do Ensino Superior ou profissionais que j\u00e1 atuem no ensino superior e desejem buscar um aperfei\u00e7oamento na \u00e1rea.<\/p>\n<h2>METODOLOGIA<\/h2>\n<p>Curso 100% online.<\/p>\n<h2>ORGANIZA\u00c7\u00c3O CURRICULAR<\/h2>\n<table class=\"table table-bordered\">\n<thead>\n<tr>\n<td>DISCIPLINAS<\/td>\n<td>HORAS<\/td>\n<\/tr>\n<\/thead>\n<tbody>\n<tr>\n<td>Fundamentos do Ensino Superior<\/td>\n<td>64h<\/td>\n<\/tr>\n<tr>\n<td>Tend\u00eancias Atuais da Educa\u00e7\u00e3o<\/td>\n<td>64h<\/td>\n<\/tr>\n<tr>\n<td>Organiza\u00e7\u00e3o do trabalho pedag\u00f3gico e as Tecnologias na Educa\u00e7\u00e3o<\/td>\n<td>64h<\/td>\n<\/tr>\n<tr>\n<td>Planejamento educacional<\/td>\n<td>64h<\/td>\n<\/tr>\n<tr>\n<td>Avalia\u00e7\u00e3o de ensino e aprendizagem<\/td>\n<td>64h<\/td>\n<\/tr>\n<tr>\n<td>Trabalho de Conclus\u00e3o de Curso<\/td>\n<td>60h<\/td>\n<\/tr>\n<tr>\n<td>Metodologia da Pesquisa e da Produ\u00e7\u00e3o Cient\u00edfica<\/td>\n<td>40h<\/td>\n<\/tr>\n<tr>\n<th>Carga Hor\u00e1ria Total<\/th>\n<th>420h<\/th>\n<\/tr>\n<\/tbody>\n<\/table>\n<p>&nbsp;<\/p>\n<p>Tempo do curso:<br \/>\n6 meses a 12 meses<\/p>\n<p>Valores<br \/>\n6x R$ 199,00 no cart\u00e3o ou PIX.<\/p>\n","protected":false},"excerpt":{"rendered":"<p>OBJETIVO Este Curso objetiva especializar profissionais docentes para atender n\u00e3o&hellip;<\/p>\n<p> <a class=\"more-link\" href=\"https:\/\/iesmig.com.br\/2020\/produto\/docencia-do-ensino-superior\/\">Leia mais<\/a><\/p>\n","protected":false},"featured_media":2350,"comment_status":"open","ping_status":"closed","template":"","meta":[],"_links":{"self":[{"href":"https:\/\/iesmig.com.br\/2020\/wp-json\/wp\/v2\/product\/2349"}],"collection":[{"href":"https:\/\/iesmig.com.br\/2020\/wp-json\/wp\/v2\/product"}],"about":[{"href":"https:\/\/iesmig.com.br\/2020\/wp-json\/wp\/v2\/types\/product"}],"replies":[{"embeddable":true,"href":"https:\/\/iesmig.com.br\/2020\/wp-json\/wp\/v2\/comments?post=2349"}],"wp:featuredmedia":[{"embeddable":true,"href":"https:\/\/iesmig.com.br\/2020\/wp-json\/wp\/v2\/media\/2350"}],"wp:attachment":[{"href":"https:\/\/iesmig.com.br\/2020\/wp-json\/wp\/v2\/media?parent=2349"}],"curies":[{"name":"wp","href":"https:\/\/api.w.org\/{rel}","templated":true}]}}