{"id":12133,"date":"2021-04-04T05:54:12","date_gmt":"2021-04-04T05:54:12","guid":{"rendered":"https:\/\/iesmig.com.br\/2020\/?post_type=product&#038;p=12133"},"modified":"2025-03-12T09:00:17","modified_gmt":"2025-03-12T09:00:17","slug":"pos-graduacao-gestao-escolar-e-coordenacao-pedagogica","status":"publish","type":"product","link":"https:\/\/iesmig.com.br\/2020\/produto\/pos-graduacao-gestao-escolar-e-coordenacao-pedagogica\/","title":{"rendered":"P\u00d3S-GRADUA\u00c7\u00c3O GEST\u00c3O ESCOLAR E COORDENA\u00c7\u00c3O PEDAG\u00d3GICA"},"content":{"rendered":"<h2>OBJETIVO<\/h2>\n<p>Promover a especializa\u00e7\u00e3o de profissionais que desejam atuar em diversos espa\u00e7os educativos, nas esferas p\u00fablica e privada, de acordo com as tend\u00eancias atuais da educa\u00e7\u00e3o, a fim de capacit\u00e1-los te\u00f3rica e praticamente como mediadores da aprendizagem.<\/p>\n<h2>P\u00daBLICO-ALVO<\/h2>\n<p>Pedagogos, licenciados nas v\u00e1rias \u00e1reas do conhecimento e demais profissionais de n\u00edvel superior interessados em conhecimentos relativos \u00e0 gest\u00e3o escolar e coordena\u00e7\u00e3o pedag\u00f3gica.<\/p>\n<h2>METODOLOGIA<\/h2>\n<p>Curso 100% online.<\/p>\n<h2>ORGANIZA\u00c7\u00c3O CURRICULAR<\/h2>\n<table class=\"table table-bordered\">\n<thead>\n<tr>\n<td>DISCIPLINAS<\/td>\n<td>HORAS<\/td>\n<\/tr>\n<\/thead>\n<tbody>\n<tr>\n<td>Metodologia da Pesquisa e da Produ\u00e7\u00e3o Cient\u00edfica<\/td>\n<td>40h<\/td>\n<\/tr>\n<tr>\n<td>Tend\u00eancias Atuais da Educa\u00e7\u00e3o<\/td>\n<td>64h<\/td>\n<\/tr>\n<tr>\n<td>Organiza\u00e7\u00e3o do Trabalho Pedag\u00f3gico e as Tecnologias na Educa\u00e7\u00e3o<\/td>\n<td>64h<\/td>\n<\/tr>\n<tr>\n<td>Fundamentos Te\u00f3ricos e Pr\u00e1ticos da Gest\u00e3o Escolar<\/td>\n<td>64h<\/td>\n<\/tr>\n<tr>\n<td>Coordena\u00e7\u00e3o Pedag\u00f3gica<\/td>\n<td>64h<\/td>\n<\/tr>\n<tr>\n<td>Gest\u00e3o de Pessoas e de Processos<\/td>\n<td>64h<\/td>\n<\/tr>\n<tr>\n<td>Trabalho de Conclus\u00e3o de Curso<\/td>\n<td>60h<\/td>\n<\/tr>\n<tr>\n<th>Carga Hor\u00e1ria Total<\/th>\n<th>420h<\/th>\n<\/tr>\n<\/tbody>\n<\/table>\n<p>Tempo do curso:<br \/>\n6 meses a 12 meses<br \/>\nValores<br \/>\n6x R$ 199,00 no cart\u00e3o ou PIX.<\/p>\n","protected":false},"excerpt":{"rendered":"<p>OBJETIVO Promover a especializa\u00e7\u00e3o de profissionais que desejam atuar em&hellip;<\/p>\n<p> <a class=\"more-link\" href=\"https:\/\/iesmig.com.br\/2020\/produto\/pos-graduacao-gestao-escolar-e-coordenacao-pedagogica\/\">Leia mais<\/a><\/p>\n","protected":false},"featured_media":12134,"comment_status":"open","ping_status":"closed","template":"","meta":[],"_links":{"self":[{"href":"https:\/\/iesmig.com.br\/2020\/wp-json\/wp\/v2\/product\/12133"}],"collection":[{"href":"https:\/\/iesmig.com.br\/2020\/wp-json\/wp\/v2\/product"}],"about":[{"href":"https:\/\/iesmig.com.br\/2020\/wp-json\/wp\/v2\/types\/product"}],"replies":[{"embeddable":true,"href":"https:\/\/iesmig.com.br\/2020\/wp-json\/wp\/v2\/comments?post=12133"}],"wp:featuredmedia":[{"embeddable":true,"href":"https:\/\/iesmig.com.br\/2020\/wp-json\/wp\/v2\/media\/12134"}],"wp:attachment":[{"href":"https:\/\/iesmig.com.br\/2020\/wp-json\/wp\/v2\/media?parent=12133"}],"curies":[{"name":"wp","href":"https:\/\/api.w.org\/{rel}","templated":true}]}}