{"id":12111,"date":"2021-04-04T05:24:48","date_gmt":"2021-04-04T05:24:48","guid":{"rendered":"https:\/\/iesmig.com.br\/2020\/?post_type=product&#038;p=12111"},"modified":"2021-04-04T06:11:24","modified_gmt":"2021-04-04T06:11:24","slug":"pos-graduacao-ciencias-sociais-da-religiao","status":"publish","type":"product","link":"https:\/\/iesmig.com.br\/2020\/produto\/pos-graduacao-ciencias-sociais-da-religiao\/","title":{"rendered":"P\u00d3S-GRADUA\u00c7\u00c3O CI\u00caNCIAS SOCIAIS DA RELIGI\u00c3O"},"content":{"rendered":"<p><strong>Objetivos Gerais:<\/strong><\/p>\n<p>busca contribuir para: compreender a religi\u00e3o em suas rela\u00e7\u00f5es com a sociedade na interface das ci\u00eancias sociais e humanas; formar pesquisadores e capacitar lideran\u00e7as sociais, culturais, educacionais e pol\u00edticas em sintonia com as demandas cient\u00edfico-culturais e hist\u00f3rico-sociais contempor\u00e2neas de compreens\u00e3o do campo religioso; desenvolver a pesquisa e a produ\u00e7\u00e3o cient\u00edfica na \u00e1rea das Ci\u00eancias da Religi\u00e3o e nas \u00e1reas relacionadas ao fen\u00f4meno do campo religioso em geral; formar docentes altamente qualificados para atuar no campo do estudo do fen\u00f4meno religioso em suas rela\u00e7\u00f5es com a sociedade brasileira. O p\u00fablico alvo do programa consiste em profissionais de todas as \u00e1reas que pretendam aprofundar seus conhecimentos quanto \u00e0 influ\u00eancia da religi\u00e3o na sociedade e trabalhar com o ensino e a pesquisa.<\/p>\n<p>Tempo do curso:<br \/>\n6 meses a 12 meses<br \/>\nValores<br \/>\n6x R$ 199,00 no cart\u00e3o ou PIX.<\/p>\n","protected":false},"excerpt":{"rendered":"<p>Objetivos Gerais: busca contribuir para: compreender a religi\u00e3o em suas&hellip;<\/p>\n<p> <a class=\"more-link\" href=\"https:\/\/iesmig.com.br\/2020\/produto\/pos-graduacao-ciencias-sociais-da-religiao\/\">Leia mais<\/a><\/p>\n","protected":false},"featured_media":12112,"comment_status":"open","ping_status":"closed","template":"","meta":[],"_links":{"self":[{"href":"https:\/\/iesmig.com.br\/2020\/wp-json\/wp\/v2\/product\/12111"}],"collection":[{"href":"https:\/\/iesmig.com.br\/2020\/wp-json\/wp\/v2\/product"}],"about":[{"href":"https:\/\/iesmig.com.br\/2020\/wp-json\/wp\/v2\/types\/product"}],"replies":[{"embeddable":true,"href":"https:\/\/iesmig.com.br\/2020\/wp-json\/wp\/v2\/comments?post=12111"}],"wp:featuredmedia":[{"embeddable":true,"href":"https:\/\/iesmig.com.br\/2020\/wp-json\/wp\/v2\/media\/12112"}],"wp:attachment":[{"href":"https:\/\/iesmig.com.br\/2020\/wp-json\/wp\/v2\/media?parent=12111"}],"curies":[{"name":"wp","href":"https:\/\/api.w.org\/{rel}","templated":true}]}}