{"id":400,"date":"2019-12-04T13:39:28","date_gmt":"2019-12-04T13:39:28","guid":{"rendered":"https:\/\/iesmig.com.br\/2020\/?page_id=400"},"modified":"2019-12-04T13:41:24","modified_gmt":"2019-12-04T13:41:24","slug":"bacharel-em-biologia","status":"publish","type":"page","link":"https:\/\/iesmig.com.br\/2020\/bacharel-em-biologia\/","title":{"rendered":"Bacharel em Biologia"},"content":{"rendered":"\t\t<div data-elementor-type=\"wp-page\" data-elementor-id=\"400\" class=\"elementor elementor-400\" data-elementor-settings=\"[]\">\n\t\t\t\t\t\t<div class=\"elementor-inner\">\n\t\t\t\t\t\t\t<div class=\"elementor-section-wrap\">\n\t\t\t\t\t\t\t<section class=\"elementor-section elementor-top-section elementor-element elementor-element-15b91cd elementor-section-boxed elementor-section-height-default elementor-section-height-default\" data-id=\"15b91cd\" data-element_type=\"section\">\n\t\t\t\t\t\t<div class=\"elementor-container elementor-column-gap-default\">\n\t\t\t\t\t\t\t<div class=\"elementor-row\">\n\t\t\t\t\t<div class=\"elementor-column elementor-col-100 elementor-top-column elementor-element elementor-element-7fbead49\" data-id=\"7fbead49\" data-element_type=\"column\">\n\t\t\t<div class=\"elementor-column-wrap elementor-element-populated\">\n\t\t\t\t\t\t\t<div class=\"elementor-widget-wrap\">\n\t\t\t\t\t\t<div class=\"elementor-element elementor-element-7e522c1e elementor-widget elementor-widget-text-editor\" data-id=\"7e522c1e\" data-element_type=\"widget\" data-widget_type=\"text-editor.default\">\n\t\t\t\t<div class=\"elementor-widget-container\">\n\t\t\t\t\t<div class=\"elementor-text-editor elementor-clearfix\"><!-- wp:heading {\"level\":3} -->\n<h3><img loading=\"lazy\" class=\"alignnone wp-image-401 size-full\" src=\"https:\/\/iesmig.com.br\/2020\/wp-content\/uploads\/2019\/12\/Origem-da-Biologia-1.png\" alt=\"\" width=\"650\" height=\"360\" srcset=\"https:\/\/iesmig.com.br\/2020\/wp-content\/uploads\/2019\/12\/Origem-da-Biologia-1.png 650w, https:\/\/iesmig.com.br\/2020\/wp-content\/uploads\/2019\/12\/Origem-da-Biologia-1-600x332.png 600w, https:\/\/iesmig.com.br\/2020\/wp-content\/uploads\/2019\/12\/Origem-da-Biologia-1-300x166.png 300w\" sizes=\"(max-width: 650px) 100vw, 650px\" \/><br \/>1. Objetivos do Curso<\/h3>\n<!-- \/wp:heading --><!-- wp:paragraph -->\n<p>O curso de Ci\u00eancias Biol\u00f3gicas Bacharelado da Universidade Paulista oferece aos alunos a integra\u00e7\u00e3o entre os conte\u00fados te\u00f3ricos e pr\u00e1ticos envolvendo a rela\u00e7\u00e3o do homem com o meio ambiente.\u00a0 O Bi\u00f3logo compreende ao longo do curso que o conhecimento da biodiversidade, o respeito pelo meio ambiente e sua preserva\u00e7\u00e3o s\u00e3o vitais para promover o desenvolvimento sustent\u00e1vel do planeta. O Bi\u00f3logo deve ainda conhecer inova\u00e7\u00f5es biotecnol\u00f3gicas e compreend\u00ea-las como benef\u00edcio para a agricultura bem como para obten\u00e7\u00e3o de inova\u00e7\u00f5es na \u00e1rea da sa\u00fade, como terapia g\u00eanica e celular. Este profissional tornar-se-\u00e1 ent\u00e3o um agente transformador da realidade, levando a conscientiza\u00e7\u00e3o para as suas a\u00e7\u00f5es buscando desenvolvimento humano sem preju\u00edzo do meio no qual se insere, conciliando a prosperidade material e melhoria da qualidade de vida de todos os seres vivos.<\/p>\n<!-- \/wp:paragraph --><!-- wp:heading {\"level\":3} -->\n<h3>2. Atividades Principais<\/h3>\n<!-- \/wp:heading --><!-- wp:paragraph -->\n<p>A atua\u00e7\u00e3o do profissional em Ci\u00eancias Biol\u00f3gicas \u00e9 bastante generalista, permitindo que atue como profissional nas atividades de elabora\u00e7\u00e3o de estudos espec\u00edficos, projeto ou pesquisa cient\u00edfica b\u00e1sica e aplicada que se relacionem \u00e0 preserva\u00e7\u00e3o, saneamento e melhoramento do meio ambiente e educa\u00e7\u00e3o ambiental. O profissional em Ci\u00eancias Biol\u00f3gicas tamb\u00e9m \u00e9 capaz de orientar, dirigir, assessorar e prestar consultoria a empresas de biotecnologia e biosseguran\u00e7a, realizar per\u00edcias com emiss\u00e3o de laudos e pareceres t\u00e9cnicos, atuar em funda\u00e7\u00f5es, sociedades e associa\u00e7\u00f5es de classe, entidades aut\u00e1rquicas, privadas ou p\u00fablicas. Em todas as suas fun\u00e7\u00f5es, o Bi\u00f3logo identifica dados relevantes sobre os seres vivos e meio ambiente; pesquisa a origem e evolu\u00e7\u00e3o, as estruturas morfoanat\u00f4micas, a distribui\u00e7\u00e3o ecol\u00f3gica, a filogenia e outros aspectos das diferentes formas de vida, para conserva\u00e7\u00e3o e manejo da biodiversidade; investiga assuntos relacionados \u00e0 Biologia Sanit\u00e1ria, Sa\u00fade P\u00fablica, Epidemiologia, Controle de Vetores e T\u00e9cnicas de Saneamento B\u00e1sico, al\u00e9m de atuar junto a an\u00e1lises laboratoriais nas \u00e1reas de an\u00e1lises cl\u00ednicas e meio ambiente, ou ainda para o desenvolvimento de novas tecnologias.<\/p>\n<!-- \/wp:paragraph --><!-- wp:heading {\"level\":3} -->\n<h3>3. Mercado de Trabalho<\/h3>\n<!-- \/wp:heading --><!-- wp:paragraph -->\n<p>O mercado de trabalho \u00e9 amplo para o Bi\u00f3logo, permitindo sua atua\u00e7\u00e3o em Institutos de Pesquisa; \u00d3rg\u00e3os Governamentais, Secretarias Estaduais e Municipais de Sa\u00fade, de Agricultura, de Ci\u00eancia e Tecnologia, de Meio Ambiente ou similares; Funda\u00e7\u00f5es, Autarquias, Ibama, Cetesb, Sabesp, Empresas P\u00fablicas e Privadas; Ind\u00fastrias ligadas \u00e0 Biotecnologia, Biologia Molecular, Produtos Farmac\u00eauticos, de Alimentos, de Bebidas, de Fertilizantes, de Biocidas, de Latic\u00ednios etc.; Hospitais; Laborat\u00f3rios Cl\u00ednicos, Anatomopatol\u00f3gicos, Biotecnol\u00f3gicos, de Fertiliza\u00e7\u00e3o Humana, etc.; Museus e similares; Jardins Zool\u00f3gicos e Bot\u00e2nicos, Institutos Biol\u00f3gicos e Florestais, Parques e Reservas Naturais; Esta\u00e7\u00f5es Bioecol\u00f3gicas e \u00c1reas de Prote\u00e7\u00e3o Ambiental; Empresas de Turismo Ecol\u00f3gico; Imprensa (Assessoria T\u00e9cnica para Mat\u00e9rias Cient\u00edficas e de Ambiente); Herb\u00e1rios; Biot\u00e9rios; Criadouros de Animais Silvestres, Minhoc\u00e1rios, Sericicultura, etc.; Esta\u00e7\u00f5es de Cultivo (Piscicultura, Carcinocultura, Mitilicultura, Ostreicultura etc.); Vigil\u00e2ncia Sanit\u00e1ria; Implanta\u00e7\u00e3o de ISO 14.000 (an\u00e1lises de impacto ambiental), Aut\u00f4nomos, Consultorias, Per\u00edcias Forense e Ambiental, Assessorias, etc., entre outros.<\/p>\n<!-- \/wp:paragraph --><!-- wp:heading {\"level\":3} -->\n<h3>4. Pr\u00e1ticas<\/h3>\n<!-- \/wp:heading --><!-- wp:paragraph -->\n<p>As pr\u00e1ticas ofertadas nas diferentes disciplinas permitem integrar os diversos saberes em Ci\u00eancias Biol\u00f3gicas:<\/p>\n<!-- \/wp:paragraph --><!-- wp:list -->\n<ul>\n<li>Zoologia de Vertebrados e Invertebrados<\/li>\n<li>Qu\u00edmica<\/li>\n<li>Citologia<\/li>\n<li>Histologia<\/li>\n<li>Embriologia<\/li>\n<li>Bot\u00e2nica \u2013 Cript\u00f3gamas e Faner\u00f3gamas<\/li>\n<li>Morfologia e Fisiologia Vegetal<\/li>\n<li>Bot\u00e2nica Econ\u00f4mica<\/li>\n<li>Microbiologia<\/li>\n<li>Microbiologia Ambiental<\/li>\n<li>Parasitologia<\/li>\n<li>Imunologia\u00a0<\/li>\n<li>Fisiologia<\/li>\n<li>Fisiologia Animal Comparada<\/li>\n<li>Ecologia<\/li>\n<li>Ecologia de Popula\u00e7\u00f5es e Comunidades<\/li>\n<li>Ecossistemas Terrestres e Aqu\u00e1ticos<\/li>\n<li>Gen\u00e9tica e Citogen\u00e9tica<\/li>\n<li>Geologia e Paleontologia<\/li>\n<li>Biologia Molecular<\/li>\n<li>Biotecnologia e Bioinform\u00e1tica<\/li>\n<li>Toxicologia<\/li>\n<li>Princ\u00edpios de Sistem\u00e1tica e Biogeografia<\/li>\n<li>Descarte de Res\u00edduo, Impacto e Saneamento Ambiental<\/li>\n<li>Reprodu\u00e7\u00e3o Assistida<\/li>\n<li>Est\u00e1gio de Bacharelado<\/li>\n<li>Inicia\u00e7\u00e3o Cient\u00edfica<\/li>\n<li>Monitoria<\/li>\n<li>Trabalho de Conclus\u00e3o de Curso<\/li>\n<\/ul>\n<!-- \/wp:list --><!-- wp:heading {\"level\":3} -->\n<h3>5. Dura\u00e7\u00e3o<\/h3>\n<!-- \/wp:heading --><!-- wp:paragraph -->\n<p>4 anos (8 semestres)<\/p>\n<!-- \/wp:paragraph --><\/div>\n\t\t\t\t<\/div>\n\t\t\t\t<\/div>\n\t\t\t\t\t\t<\/div>\n\t\t\t\t\t<\/div>\n\t\t<\/div>\n\t\t\t\t\t\t\t\t<\/div>\n\t\t\t\t\t<\/div>\n\t\t<\/section>\n\t\t\t\t\t\t<\/div>\n\t\t\t\t\t\t<\/div>\n\t\t\t\t\t<\/div>\n\t\t","protected":false},"excerpt":{"rendered":"<p>1. Objetivos do Curso O curso de Ci\u00eancias Biol\u00f3gicas Bacharelado&hellip;<\/p>\n<p> <a class=\"more-link\" href=\"https:\/\/iesmig.com.br\/2020\/bacharel-em-biologia\/\">Leia mais<\/a><\/p>\n","protected":false},"author":1,"featured_media":401,"parent":0,"menu_order":0,"comment_status":"closed","ping_status":"closed","template":"","meta":[],"_links":{"self":[{"href":"https:\/\/iesmig.com.br\/2020\/wp-json\/wp\/v2\/pages\/400"}],"collection":[{"href":"https:\/\/iesmig.com.br\/2020\/wp-json\/wp\/v2\/pages"}],"about":[{"href":"https:\/\/iesmig.com.br\/2020\/wp-json\/wp\/v2\/types\/page"}],"author":[{"embeddable":true,"href":"https:\/\/iesmig.com.br\/2020\/wp-json\/wp\/v2\/users\/1"}],"replies":[{"embeddable":true,"href":"https:\/\/iesmig.com.br\/2020\/wp-json\/wp\/v2\/comments?post=400"}],"version-history":[{"count":3,"href":"https:\/\/iesmig.com.br\/2020\/wp-json\/wp\/v2\/pages\/400\/revisions"}],"predecessor-version":[{"id":404,"href":"https:\/\/iesmig.com.br\/2020\/wp-json\/wp\/v2\/pages\/400\/revisions\/404"}],"wp:featuredmedia":[{"embeddable":true,"href":"https:\/\/iesmig.com.br\/2020\/wp-json\/wp\/v2\/media\/401"}],"wp:attachment":[{"href":"https:\/\/iesmig.com.br\/2020\/wp-json\/wp\/v2\/media?parent=400"}],"curies":[{"name":"wp","href":"https:\/\/api.w.org\/{rel}","templated":true}]}}